{"id":3,"date":"2024-05-02T17:12:41","date_gmt":"2024-05-02T17:12:41","guid":{"rendered":"https:\/\/cortessa.eu\/hr\/?page_id=3"},"modified":"2024-05-21T10:19:10","modified_gmt":"2024-05-21T08:19:10","slug":"privacy-policy","status":"publish","type":"page","link":"https:\/\/cortessa.eu\/hr\/privacy-policy\/","title":{"rendered":"Politika privatnosti"},"content":{"rendered":"\n<p>Ova politika privatnosti se odnosi na stranicu: https:\/\/cortessa.eu.<\/p>\n\n\n\n<p>Va\u0161a privatnost nam je va\u017ena. U ovoj politici privatnosti opisujemo vrste informacija koje prikupljamo od korisnika i kako ih koristimo.<\/p>\n\n\n\n<h4 class=\"wp-block-heading\"><strong>Prikupljanje informacija<\/strong><\/h4>\n\n\n\n<p>Kada koristite na\u0161u web, mo\u017eemo prikupljati odre\u0111ene informacije kako bismo vam pru\u017eili bolje iskustvo. To mo\u017ee uklju\u010divati osobne informacije poput imena, adrese e-po\u0161te, lokacije, preferencija ili druge informacije koje nam svjesno pru\u017eite.<\/p>\n\n\n\n<h4 class=\"wp-block-heading\">Kori\u0161tenje informacija<\/h4>\n\n\n\n<p>Informacije koje prikupljamo koristimo kako bismo vam pru\u017eili personalizirano iskustvo . To mo\u017ee uklju\u010divati prilagodbu preporuka, pru\u017eanje odgovora na va\u0161a pitanja i zahtjeve te pobolj\u0161anje na\u0161ih usluga.<\/p>\n\n\n\n<h4 class=\"wp-block-heading\">Za\u0161tita informacija<\/h4>\n\n\n\n<p>Va\u0161e informacije su za\u0161ti\u0107ene i \u010duvamo ih na sigurnim serverima. Koristimo razli\u010dite tehni\u010dke i organizacijske mjere kako bismo za\u0161titili va\u0161e podatke od neovla\u0161tenog pristupa, uni\u0161tenja, gubitka ili manipulacije.<\/p>\n\n\n\n<h4 class=\"wp-block-heading\">Dijeljenje informacija<\/h4>\n\n\n\n<p>Va\u0161e osobne informacije ne\u0107emo dijeliti s tre\u0107im stranama bez va\u0161eg izri\u010ditog pristanka, osim u slu\u010dajevima kada je to zakonom propisano ili kada je to nu\u017eno za pru\u017eanje usluga koje ste zatra\u017eili.<\/p>\n\n\n\n<h4 class=\"wp-block-heading\">Kola\u010di\u0107i (cookies)<\/h4>\n\n\n\n<p>Koristimo kola\u010di\u0107e kako bismo pobolj\u0161ali funkcionalnost na\u0161e web stranice te pratili statistike kori\u0161tenja. Mo\u017eete konfigurirati svoj web preglednik da odbije kola\u010di\u0107e, ali to mo\u017ee utjecati na funkcionalnost na\u0161e web stranice.<\/p>\n\n\n\n<h4 class=\"wp-block-heading\">Va\u0161a prava<\/h4>\n\n\n\n<p>Imate pravo zatra\u017eiti pristup, ispravak ili brisanje va\u0161ih osobnih informacija koje smo prikupili. Tako\u0111er imate pravo povu\u0107i svoj pristanak za obradu podataka ili postaviti ograni\u010denja na na\u010din na koji koristimo va\u0161e informacije.<\/p>\n\n\n\n<h4 class=\"wp-block-heading\">Promjene u politici privatnosti<\/h4>\n\n\n\n<p>Ova politika privatnosti mo\u017ee biti a\u017eurirana povremeno. Molimo vas da povremeno pregledate ovu politiku kako biste bili informirani o na\u010dinu na koji \u0161titimo va\u0161e informacije.<\/p>\n\n\n\n<p>Kori\u0161tenjem na\u0161ih usluga, pristajete na ovu politiku privatnosti.<\/p>\n\n\n\n<p>Datum posljednje izmjene: 14.5.2024.<\/p>\n","protected":false},"excerpt":{"rendered":"<p>Ova politika privatnosti se odnosi na stranicu: https:\/\/cortessa.eu. Va\u0161a privatnost nam je va\u017ena. U ovoj politici privatnosti opisujemo vrste informacija koje prikupljamo od korisnika i kako ih koristimo. Prikupljanje informacija Kada koristite na\u0161u web, mo\u017eemo prikupljati odre\u0111ene informacije kako bismo vam pru\u017eili bolje iskustvo. To mo\u017ee uklju\u010divati osobne informacije poput imena, adrese e-po\u0161te, lokacije, preferencija [&hellip;]<\/p>\n","protected":false},"author":1,"featured_media":0,"parent":0,"menu_order":0,"comment_status":"closed","ping_status":"open","template":"","meta":{"site-sidebar-layout":"default","site-content-layout":"","ast-site-content-layout":"","site-content-style":"default","site-sidebar-style":"default","ast-global-header-display":"","ast-banner-title-visibility":"","ast-main-header-display":"","ast-hfb-above-header-display":"","ast-hfb-below-header-display":"","ast-hfb-mobile-header-display":"","site-post-title":"","ast-breadcrumbs-content":"","ast-featured-img":"","footer-sml-layout":"","theme-transparent-header-meta":"","adv-header-id-meta":"","stick-header-meta":"","header-above-stick-meta":"","header-main-stick-meta":"","header-below-stick-meta":"","astra-migrate-meta-layouts":"default","ast-page-background-enabled":"default","ast-page-background-meta":{"desktop":{"background-color":"var(--ast-global-color-4)","background-image":"","background-repeat":"repeat","background-position":"center center","background-size":"auto","background-attachment":"scroll","background-type":"","background-media":"","overlay-type":"","overlay-color":"","overlay-opacity":"","overlay-gradient":""},"tablet":{"background-color":"","background-image":"","background-repeat":"repeat","background-position":"center center","background-size":"auto","background-attachment":"scroll","background-type":"","background-media":"","overlay-type":"","overlay-color":"","overlay-opacity":"","overlay-gradient":""},"mobile":{"background-color":"","background-image":"","background-repeat":"repeat","background-position":"center center","background-size":"auto","background-attachment":"scroll","background-type":"","background-media":"","overlay-type":"","overlay-color":"","overlay-opacity":"","overlay-gradient":""}},"ast-content-background-meta":{"desktop":{"background-color":"var(--ast-global-color-5)","background-image":"","background-repeat":"repeat","background-position":"center center","background-size":"auto","background-attachment":"scroll","background-type":"","background-media":"","overlay-type":"","overlay-color":"","overlay-opacity":"","overlay-gradient":""},"tablet":{"background-color":"var(--ast-global-color-5)","background-image":"","background-repeat":"repeat","background-position":"center center","background-size":"auto","background-attachment":"scroll","background-type":"","background-media":"","overlay-type":"","overlay-color":"","overlay-opacity":"","overlay-gradient":""},"mobile":{"background-color":"var(--ast-global-color-5)","background-image":"","background-repeat":"repeat","background-position":"center center","background-size":"auto","background-attachment":"scroll","background-type":"","background-media":"","overlay-type":"","overlay-color":"","overlay-opacity":"","overlay-gradient":""}},"footnotes":""},"class_list":["post-3","page","type-page","status-publish","hentry"],"yoast_head":"<!-- This site is optimized with the Yoast SEO plugin v23.0 - https:\/\/yoast.com\/wordpress\/plugins\/seo\/ -->\n<title>Politika privatnosti - Cortessa - Virtual assistant<\/title>\n<meta name=\"robots\" content=\"index, follow, max-snippet:-1, max-image-preview:large, max-video-preview:-1\" \/>\n<link rel=\"canonical\" href=\"https:\/\/cortessa.eu\/hr\/privacy-policy\/\" \/>\n<meta property=\"og:locale\" content=\"en_GB\" \/>\n<meta property=\"og:type\" content=\"article\" \/>\n<meta property=\"og:title\" content=\"Politika privatnosti - Cortessa - Virtual assistant\" \/>\n<meta property=\"og:description\" content=\"Ova politika privatnosti se odnosi na stranicu: https:\/\/cortessa.eu. Va\u0161a privatnost nam je va\u017ena. U ovoj politici privatnosti opisujemo vrste informacija koje prikupljamo od korisnika i kako ih koristimo. Prikupljanje informacija Kada koristite na\u0161u web, mo\u017eemo prikupljati odre\u0111ene informacije kako bismo vam pru\u017eili bolje iskustvo. To mo\u017ee uklju\u010divati osobne informacije poput imena, adrese e-po\u0161te, lokacije, preferencija [&hellip;]\" \/>\n<meta property=\"og:url\" content=\"https:\/\/cortessa.eu\/hr\/privacy-policy\/\" \/>\n<meta property=\"og:site_name\" content=\"Cortessa - Virtual assistant\" \/>\n<meta property=\"article:modified_time\" content=\"2024-05-21T08:19:10+00:00\" \/>\n<meta name=\"twitter:card\" content=\"summary_large_image\" \/>\n<meta name=\"twitter:label1\" content=\"Estimated reading time\" \/>\n\t<meta name=\"twitter:data1\" content=\"2 minutes\" \/>\n<script type=\"application\/ld+json\" class=\"yoast-schema-graph\">{\"@context\":\"https:\/\/schema.org\",\"@graph\":[{\"@type\":\"WebPage\",\"@id\":\"https:\/\/cortessa.eu\/hr\/privacy-policy\/\",\"url\":\"https:\/\/cortessa.eu\/hr\/privacy-policy\/\",\"name\":\"Politika privatnosti - Cortessa - Virtual assistant\",\"isPartOf\":{\"@id\":\"https:\/\/cortessa.eu\/hr\/#website\"},\"datePublished\":\"2024-05-02T17:12:41+00:00\",\"dateModified\":\"2024-05-21T08:19:10+00:00\",\"breadcrumb\":{\"@id\":\"https:\/\/cortessa.eu\/hr\/privacy-policy\/#breadcrumb\"},\"inLanguage\":\"en-GB\",\"potentialAction\":[{\"@type\":\"ReadAction\",\"target\":[\"https:\/\/cortessa.eu\/hr\/privacy-policy\/\"]}]},{\"@type\":\"BreadcrumbList\",\"@id\":\"https:\/\/cortessa.eu\/hr\/privacy-policy\/#breadcrumb\",\"itemListElement\":[{\"@type\":\"ListItem\",\"position\":1,\"name\":\"Home\",\"item\":\"https:\/\/cortessa.eu\/hr\/\"},{\"@type\":\"ListItem\",\"position\":2,\"name\":\"Politika privatnosti\"}]},{\"@type\":\"WebSite\",\"@id\":\"https:\/\/cortessa.eu\/hr\/#website\",\"url\":\"https:\/\/cortessa.eu\/hr\/\",\"name\":\"Cortessa - Virtual assistant\",\"description\":\"\",\"publisher\":{\"@id\":\"https:\/\/cortessa.eu\/hr\/#organization\"},\"potentialAction\":[{\"@type\":\"SearchAction\",\"target\":{\"@type\":\"EntryPoint\",\"urlTemplate\":\"https:\/\/cortessa.eu\/hr\/?s={search_term_string}\"},\"query-input\":\"required name=search_term_string\"}],\"inLanguage\":\"en-GB\"},{\"@type\":\"Organization\",\"@id\":\"https:\/\/cortessa.eu\/hr\/#organization\",\"name\":\"Cortessa - Virtual assistant\",\"url\":\"https:\/\/cortessa.eu\/hr\/\",\"logo\":{\"@type\":\"ImageObject\",\"inLanguage\":\"en-GB\",\"@id\":\"https:\/\/cortessa.eu\/hr\/#\/schema\/logo\/image\/\",\"url\":\"https:\/\/cortessa.eu\/hr\/wp-content\/uploads\/2024\/05\/cropped-cropped-c1-1.png\",\"contentUrl\":\"https:\/\/cortessa.eu\/hr\/wp-content\/uploads\/2024\/05\/cropped-cropped-c1-1.png\",\"width\":199,\"height\":55,\"caption\":\"Cortessa - Virtual assistant\"},\"image\":{\"@id\":\"https:\/\/cortessa.eu\/hr\/#\/schema\/logo\/image\/\"}}]}<\/script>\n<!-- \/ Yoast SEO plugin. -->","yoast_head_json":{"title":"Politika privatnosti - Cortessa - Virtual assistant","robots":{"index":"index","follow":"follow","max-snippet":"max-snippet:-1","max-image-preview":"max-image-preview:large","max-video-preview":"max-video-preview:-1"},"canonical":"https:\/\/cortessa.eu\/hr\/privacy-policy\/","og_locale":"en_GB","og_type":"article","og_title":"Politika privatnosti - Cortessa - Virtual assistant","og_description":"Ova politika privatnosti se odnosi na stranicu: https:\/\/cortessa.eu. Va\u0161a privatnost nam je va\u017ena. U ovoj politici privatnosti opisujemo vrste informacija koje prikupljamo od korisnika i kako ih koristimo. Prikupljanje informacija Kada koristite na\u0161u web, mo\u017eemo prikupljati odre\u0111ene informacije kako bismo vam pru\u017eili bolje iskustvo. To mo\u017ee uklju\u010divati osobne informacije poput imena, adrese e-po\u0161te, lokacije, preferencija [&hellip;]","og_url":"https:\/\/cortessa.eu\/hr\/privacy-policy\/","og_site_name":"Cortessa - Virtual assistant","article_modified_time":"2024-05-21T08:19:10+00:00","twitter_card":"summary_large_image","twitter_misc":{"Estimated reading time":"2 minutes"},"schema":{"@context":"https:\/\/schema.org","@graph":[{"@type":"WebPage","@id":"https:\/\/cortessa.eu\/hr\/privacy-policy\/","url":"https:\/\/cortessa.eu\/hr\/privacy-policy\/","name":"Politika privatnosti - Cortessa - Virtual assistant","isPartOf":{"@id":"https:\/\/cortessa.eu\/hr\/#website"},"datePublished":"2024-05-02T17:12:41+00:00","dateModified":"2024-05-21T08:19:10+00:00","breadcrumb":{"@id":"https:\/\/cortessa.eu\/hr\/privacy-policy\/#breadcrumb"},"inLanguage":"en-GB","potentialAction":[{"@type":"ReadAction","target":["https:\/\/cortessa.eu\/hr\/privacy-policy\/"]}]},{"@type":"BreadcrumbList","@id":"https:\/\/cortessa.eu\/hr\/privacy-policy\/#breadcrumb","itemListElement":[{"@type":"ListItem","position":1,"name":"Home","item":"https:\/\/cortessa.eu\/hr\/"},{"@type":"ListItem","position":2,"name":"Politika privatnosti"}]},{"@type":"WebSite","@id":"https:\/\/cortessa.eu\/hr\/#website","url":"https:\/\/cortessa.eu\/hr\/","name":"Cortessa - Virtual assistant","description":"","publisher":{"@id":"https:\/\/cortessa.eu\/hr\/#organization"},"potentialAction":[{"@type":"SearchAction","target":{"@type":"EntryPoint","urlTemplate":"https:\/\/cortessa.eu\/hr\/?s={search_term_string}"},"query-input":"required name=search_term_string"}],"inLanguage":"en-GB"},{"@type":"Organization","@id":"https:\/\/cortessa.eu\/hr\/#organization","name":"Cortessa - Virtual assistant","url":"https:\/\/cortessa.eu\/hr\/","logo":{"@type":"ImageObject","inLanguage":"en-GB","@id":"https:\/\/cortessa.eu\/hr\/#\/schema\/logo\/image\/","url":"https:\/\/cortessa.eu\/hr\/wp-content\/uploads\/2024\/05\/cropped-cropped-c1-1.png","contentUrl":"https:\/\/cortessa.eu\/hr\/wp-content\/uploads\/2024\/05\/cropped-cropped-c1-1.png","width":199,"height":55,"caption":"Cortessa - Virtual assistant"},"image":{"@id":"https:\/\/cortessa.eu\/hr\/#\/schema\/logo\/image\/"}}]}},"_links":{"self":[{"href":"https:\/\/cortessa.eu\/hr\/wp-json\/wp\/v2\/pages\/3"}],"collection":[{"href":"https:\/\/cortessa.eu\/hr\/wp-json\/wp\/v2\/pages"}],"about":[{"href":"https:\/\/cortessa.eu\/hr\/wp-json\/wp\/v2\/types\/page"}],"author":[{"embeddable":true,"href":"https:\/\/cortessa.eu\/hr\/wp-json\/wp\/v2\/users\/1"}],"replies":[{"embeddable":true,"href":"https:\/\/cortessa.eu\/hr\/wp-json\/wp\/v2\/comments?post=3"}],"version-history":[{"count":3,"href":"https:\/\/cortessa.eu\/hr\/wp-json\/wp\/v2\/pages\/3\/revisions"}],"predecessor-version":[{"id":108,"href":"https:\/\/cortessa.eu\/hr\/wp-json\/wp\/v2\/pages\/3\/revisions\/108"}],"wp:attachment":[{"href":"https:\/\/cortessa.eu\/hr\/wp-json\/wp\/v2\/media?parent=3"}],"curies":[{"name":"wp","href":"https:\/\/api.w.org\/{rel}","templated":true}]}}